{"id":9,"date":"2023-12-17T02:03:52","date_gmt":"2023-12-17T02:03:52","guid":{"rendered":"http:\/\/192.168.10.28\/portal\/?page_id=9"},"modified":"2024-02-16T13:48:35","modified_gmt":"2024-02-16T13:48:35","slug":"about","status":"publish","type":"page","link":"https:\/\/geoportal.epmapasd.gob.ec\/portal\/?page_id=9","title":{"rendered":"Acerca de"},"content":{"rendered":"\n<p>El presente portal es un Sistema de Informaci\u00f3n Geogr\u00e1fica (SIG) v\u00eda Internet, que la EPMAPASD (Empresa P\u00fablica de Agua Potable y Alcantarillado) pone a disposici\u00f3n de nuestros proveedores para que a trav\u00e9s de mapas y un sencillo proceso, identifique la informaci\u00f3n necesaria para la presentaci\u00f3n de sus proyectos.<\/p>\n\n\n\n<p>De acuerdo a la pol\u00edtica nacional, el Estado Ecuatoriano garantiza el libre acceso a la informaci\u00f3n p\u00fablica de la cual forma parte tambi\u00e9n la informaci\u00f3n relacionada a los proyectos de instalaci\u00f3n, mejora y\/o mantenimiento de las redes de agua potable y alcantarillado desarrolladas o gestionadas por la Empresa P\u00fablica de Agua Potable y Alcantarillado Santo Domingo, EPMAPA-SD. As\u00ed el presente portal recoge el trabajo realizado por la Subgerencia de Planificaci\u00f3n Institucional y la Subgerencia de Desarrollo e Infraestructura de la EPMAPA-SD en miras a contar con una normativa descriptiva con las especificaciones t\u00e9cnicas y de dise\u00f1o a ser utilizadas por contratistas, consultores, unidades de la EPMAPA-SD y ciudadan\u00eda para la elaboraci\u00f3n de planos de obras de Agua potable y Alcantarillado de la Ciudad de Santo Domingo.<\/p>\n\n\n\n<p>Objetivo General<\/p>\n\n\n\n<p>Establecer un conjunto de Lineamientos t\u00e9cnicos aplicables en la elaboraci\u00f3n de los planos relacionada a los proyectos de instalaci\u00f3n\/mejora y mantenimiento de obras relacionados con el Sistema de Agua Potable y Alcantarillado de la Ciudad.<\/p>\n\n\n\n<p>Espec\u00edficos<\/p>\n\n\n\n<p>Estandarizar la generaci\u00f3n y presentaci\u00f3n de planos en CAD de los proyectos de Agua Potable y alcantarillado de la ciudad de santo Domingo,<br>Facilitar los procesos de integraci\u00f3n de la informaci\u00f3n proporcionada en los planos AsBuild CAD de los proyectos de agua potable y alcantarillado hacia el sistema de informaci\u00f3n geogr\u00e1fica de la EPMAPA-SD,<br>Facilitar la actualizaci\u00f3n del catastro de las redes de agua potable y alcantarillado,<br>Facilitar el uso, procesamiento y generaci\u00f3n de datos georreferenciados e informaci\u00f3n cartogr\u00e1fica de la EPMAPA-SD,<br>Facilitar el uso y comprensi\u00f3n de la informaci\u00f3n digital CAD.<br>Alcance<\/p>\n\n\n\n<p>En el presente portal encontrar\u00e1 las especificaciones de normativa y nomenclatura a aplicarse en la elaboraci\u00f3n de planos asociados a la red e infraestructura de los sistemas de Agua Potable y Alcantarillado de la Ciudad de Santo Domingo.<\/p>\n","protected":false},"excerpt":{"rendered":"<p>El presente portal es un Sistema de Informaci\u00f3n Geogr\u00e1fica (SIG) v\u00eda Internet, que la EPMAPASD (Empresa P\u00fablica de Agua Potable y Alcantarillado) pone a disposici\u00f3n de nuestros proveedores para que a trav\u00e9s de mapas y un sencillo proceso, identifique la informaci\u00f3n necesaria para la presentaci\u00f3n de sus proyectos. De acuerdo a la pol\u00edtica nacional, el &hellip; <\/p>\n<p class=\"link-more\"><a href=\"https:\/\/geoportal.epmapasd.gob.ec\/portal\/?page_id=9\" class=\"more-link\">Continue reading<span class=\"screen-reader-text\"> &#8220;Acerca de&#8221;<\/span><\/a><\/p>\n","protected":false},"author":1,"featured_media":48,"parent":0,"menu_order":0,"comment_status":"closed","ping_status":"closed","template":"","meta":{"footnotes":""},"_links":{"self":[{"href":"https:\/\/geoportal.epmapasd.gob.ec\/portal\/index.php?rest_route=\/wp\/v2\/pages\/9"}],"collection":[{"href":"https:\/\/geoportal.epmapasd.gob.ec\/portal\/index.php?rest_route=\/wp\/v2\/pages"}],"about":[{"href":"https:\/\/geoportal.epmapasd.gob.ec\/portal\/index.php?rest_route=\/wp\/v2\/types\/page"}],"author":[{"embeddable":true,"href":"https:\/\/geoportal.epmapasd.gob.ec\/portal\/index.php?rest_route=\/wp\/v2\/users\/1"}],"replies":[{"embeddable":true,"href":"https:\/\/geoportal.epmapasd.gob.ec\/portal\/index.php?rest_route=%2Fwp%2Fv2%2Fcomments&post=9"}],"version-history":[{"count":2,"href":"https:\/\/geoportal.epmapasd.gob.ec\/portal\/index.php?rest_route=\/wp\/v2\/pages\/9\/revisions"}],"predecessor-version":[{"id":55,"href":"https:\/\/geoportal.epmapasd.gob.ec\/portal\/index.php?rest_route=\/wp\/v2\/pages\/9\/revisions\/55"}],"wp:featuredmedia":[{"embeddable":true,"href":"https:\/\/geoportal.epmapasd.gob.ec\/portal\/index.php?rest_route=\/wp\/v2\/media\/48"}],"wp:attachment":[{"href":"https:\/\/geoportal.epmapasd.gob.ec\/portal\/index.php?rest_route=%2Fwp%2Fv2%2Fmedia&parent=9"}],"curies":[{"name":"wp","href":"https:\/\/api.w.org\/{rel}","templated":true}]}}