{"id":8,"date":"2023-12-17T02:03:52","date_gmt":"2023-12-17T02:03:52","guid":{"rendered":"http:\/\/192.168.10.28\/portal\/?page_id=8"},"modified":"2023-12-17T02:50:11","modified_gmt":"2023-12-17T02:50:11","slug":"home","status":"publish","type":"page","link":"https:\/\/geoportal.epmapasd.gob.ec\/portal\/","title":{"rendered":"Inicio"},"content":{"rendered":"\n<p>El presente portal es un Sistema de Informaci\u00f3n Geogr\u00e1fica (SIG) v\u00eda Internet, que la EPMAPASD (Empresa P\u00fablica de Agua Potable y Alcantarillado) pone a disposici\u00f3n de nuestros proveedores para que a trav\u00e9s de mapas y un sencillo proceso, identifique la informaci\u00f3n necesaria para la presentaci\u00f3n de sus proyectos.<\/p>\n","protected":false},"excerpt":{"rendered":"<p>El presente portal es un Sistema de Informaci\u00f3n Geogr\u00e1fica (SIG) v\u00eda Internet, que la EPMAPASD (Empresa P\u00fablica de Agua Potable y Alcantarillado) pone a disposici\u00f3n de nuestros proveedores para que a trav\u00e9s de mapas y un sencillo proceso, identifique la informaci\u00f3n necesaria para la presentaci\u00f3n de sus proyectos.<\/p>\n","protected":false},"author":1,"featured_media":0,"parent":0,"menu_order":0,"comment_status":"closed","ping_status":"closed","template":"","meta":{"footnotes":""},"_links":{"self":[{"href":"https:\/\/geoportal.epmapasd.gob.ec\/portal\/index.php?rest_route=\/wp\/v2\/pages\/8"}],"collection":[{"href":"https:\/\/geoportal.epmapasd.gob.ec\/portal\/index.php?rest_route=\/wp\/v2\/pages"}],"about":[{"href":"https:\/\/geoportal.epmapasd.gob.ec\/portal\/index.php?rest_route=\/wp\/v2\/types\/page"}],"author":[{"embeddable":true,"href":"https:\/\/geoportal.epmapasd.gob.ec\/portal\/index.php?rest_route=\/wp\/v2\/users\/1"}],"replies":[{"embeddable":true,"href":"https:\/\/geoportal.epmapasd.gob.ec\/portal\/index.php?rest_route=%2Fwp%2Fv2%2Fcomments&post=8"}],"version-history":[{"count":3,"href":"https:\/\/geoportal.epmapasd.gob.ec\/portal\/index.php?rest_route=\/wp\/v2\/pages\/8\/revisions"}],"predecessor-version":[{"id":42,"href":"https:\/\/geoportal.epmapasd.gob.ec\/portal\/index.php?rest_route=\/wp\/v2\/pages\/8\/revisions\/42"}],"wp:attachment":[{"href":"https:\/\/geoportal.epmapasd.gob.ec\/portal\/index.php?rest_route=%2Fwp%2Fv2%2Fmedia&parent=8"}],"curies":[{"name":"wp","href":"https:\/\/api.w.org\/{rel}","templated":true}]}}