{"id":10,"date":"2023-12-17T02:03:52","date_gmt":"2023-12-17T02:03:52","guid":{"rendered":"http:\/\/192.168.10.28\/portal\/?page_id=10"},"modified":"2024-02-16T13:44:35","modified_gmt":"2024-02-16T13:44:35","slug":"contact","status":"publish","type":"page","link":"https:\/\/geoportal.epmapasd.gob.ec\/portal\/?page_id=10","title":{"rendered":"Contacto"},"content":{"rendered":"\n<p>PBX: (593) 02-3730-950<br>(593) 02-2753-357<br>(593) 02-2759-086<br>Correo Electr\u00f3nico<br>sugerencias@epmapasd.gob.ec<br>Direcci\u00f3n Matriz<br>Av. Ts\u00e1chila 698 y Yanuncay<br>Edificio Centro Comercial &#8220;El Gigante&#8221;<br>frente a la Gobernaci\u00f3n Ts\u00e1chila<br>Santo Domingo &#8211; Ecuador<br>Horarios de Atenci\u00f3n<br>Lunes a Viernes: 08H00 &#8211; 17H00<br>En todas nuestras Agencias<br>S\u00e1bados: 08H00 &#8211; 12H00<br>Agencia Matriz y Mercado Municipal<br>Domingos: 08H00 &#8211; 12H00<br>Agencia Mercado Municipal<\/p>\n","protected":false},"excerpt":{"rendered":"<p>PBX: (593) 02-3730-950(593) 02-2753-357(593) 02-2759-086Correo Electr\u00f3nicosugerencias@epmapasd.gob.ecDirecci\u00f3n MatrizAv. Ts\u00e1chila 698 y YanuncayEdificio Centro Comercial &#8220;El Gigante&#8221;frente a la Gobernaci\u00f3n Ts\u00e1chilaSanto Domingo &#8211; EcuadorHorarios de Atenci\u00f3nLunes a Viernes: 08H00 &#8211; 17H00En todas nuestras AgenciasS\u00e1bados: 08H00 &#8211; 12H00Agencia Matriz y Mercado MunicipalDomingos: 08H00 &#8211; 12H00Agencia Mercado Municipal<\/p>\n","protected":false},"author":1,"featured_media":50,"parent":0,"menu_order":0,"comment_status":"closed","ping_status":"closed","template":"","meta":{"footnotes":""},"_links":{"self":[{"href":"https:\/\/geoportal.epmapasd.gob.ec\/portal\/index.php?rest_route=\/wp\/v2\/pages\/10"}],"collection":[{"href":"https:\/\/geoportal.epmapasd.gob.ec\/portal\/index.php?rest_route=\/wp\/v2\/pages"}],"about":[{"href":"https:\/\/geoportal.epmapasd.gob.ec\/portal\/index.php?rest_route=\/wp\/v2\/types\/page"}],"author":[{"embeddable":true,"href":"https:\/\/geoportal.epmapasd.gob.ec\/portal\/index.php?rest_route=\/wp\/v2\/users\/1"}],"replies":[{"embeddable":true,"href":"https:\/\/geoportal.epmapasd.gob.ec\/portal\/index.php?rest_route=%2Fwp%2Fv2%2Fcomments&post=10"}],"version-history":[{"count":3,"href":"https:\/\/geoportal.epmapasd.gob.ec\/portal\/index.php?rest_route=\/wp\/v2\/pages\/10\/revisions"}],"predecessor-version":[{"id":52,"href":"https:\/\/geoportal.epmapasd.gob.ec\/portal\/index.php?rest_route=\/wp\/v2\/pages\/10\/revisions\/52"}],"wp:featuredmedia":[{"embeddable":true,"href":"https:\/\/geoportal.epmapasd.gob.ec\/portal\/index.php?rest_route=\/wp\/v2\/media\/50"}],"wp:attachment":[{"href":"https:\/\/geoportal.epmapasd.gob.ec\/portal\/index.php?rest_route=%2Fwp%2Fv2%2Fmedia&parent=10"}],"curies":[{"name":"wp","href":"https:\/\/api.w.org\/{rel}","templated":true}]}}